{"id":135,"date":"2023-06-09T21:39:05","date_gmt":"2023-06-09T21:39:05","guid":{"rendered":"https:\/\/diocesiscartago.org\/?page_id=135"},"modified":"2023-06-09T21:39:05","modified_gmt":"2023-06-09T21:39:05","slug":"oficina-de-partidas","status":"publish","type":"page","link":"https:\/\/diocesiscartago.org\/?page_id=135","title":{"rendered":"Oficina de Partidas"},"content":{"rendered":"<div class=\"alert alert-warning\" role=\"alert\">\nP\u00e1gina en construcci\u00f3n. Informaci\u00f3n pendiente. Regresa pronto\n<\/div>\n","protected":false},"excerpt":{"rendered":"<p>P\u00e1gina en construcci\u00f3n. Informaci\u00f3n pendiente. Regresa pronto<\/p>\n","protected":false},"author":1,"featured_media":0,"parent":67,"menu_order":0,"comment_status":"closed","ping_status":"closed","template":"","meta":{"footnotes":""},"class_list":["post-135","page","type-page","status-publish","hentry"],"_links":{"self":[{"href":"https:\/\/diocesiscartago.org\/index.php?rest_route=\/wp\/v2\/pages\/135","targetHints":{"allow":["GET"]}}],"collection":[{"href":"https:\/\/diocesiscartago.org\/index.php?rest_route=\/wp\/v2\/pages"}],"about":[{"href":"https:\/\/diocesiscartago.org\/index.php?rest_route=\/wp\/v2\/types\/page"}],"author":[{"embeddable":true,"href":"https:\/\/diocesiscartago.org\/index.php?rest_route=\/wp\/v2\/users\/1"}],"replies":[{"embeddable":true,"href":"https:\/\/diocesiscartago.org\/index.php?rest_route=%2Fwp%2Fv2%2Fcomments&post=135"}],"version-history":[{"count":1,"href":"https:\/\/diocesiscartago.org\/index.php?rest_route=\/wp\/v2\/pages\/135\/revisions"}],"predecessor-version":[{"id":136,"href":"https:\/\/diocesiscartago.org\/index.php?rest_route=\/wp\/v2\/pages\/135\/revisions\/136"}],"up":[{"embeddable":true,"href":"https:\/\/diocesiscartago.org\/index.php?rest_route=\/wp\/v2\/pages\/67"}],"wp:attachment":[{"href":"https:\/\/diocesiscartago.org\/index.php?rest_route=%2Fwp%2Fv2%2Fmedia&parent=135"}],"curies":[{"name":"wp","href":"https:\/\/api.w.org\/{rel}","templated":true}]}}