{"id":137,"date":"2023-06-09T21:39:24","date_gmt":"2023-06-09T21:39:24","guid":{"rendered":"https:\/\/diocesiscartago.org\/?page_id=137"},"modified":"2023-06-09T21:39:24","modified_gmt":"2023-06-09T21:39:24","slug":"cancilleria","status":"publish","type":"page","link":"https:\/\/diocesiscartago.org\/?page_id=137","title":{"rendered":"Canciller\u00eda"},"content":{"rendered":"<div class=\"alert alert-warning\" role=\"alert\">\nP\u00e1gina en construcci\u00f3n. Informaci\u00f3n pendiente. Regresa pronto\n<\/div>\n","protected":false},"excerpt":{"rendered":"<p>P\u00e1gina en construcci\u00f3n. Informaci\u00f3n pendiente. Regresa pronto<\/p>\n","protected":false},"author":1,"featured_media":0,"parent":67,"menu_order":0,"comment_status":"closed","ping_status":"closed","template":"","meta":{"footnotes":""},"class_list":["post-137","page","type-page","status-publish","hentry"],"_links":{"self":[{"href":"https:\/\/diocesiscartago.org\/index.php?rest_route=\/wp\/v2\/pages\/137","targetHints":{"allow":["GET"]}}],"collection":[{"href":"https:\/\/diocesiscartago.org\/index.php?rest_route=\/wp\/v2\/pages"}],"about":[{"href":"https:\/\/diocesiscartago.org\/index.php?rest_route=\/wp\/v2\/types\/page"}],"author":[{"embeddable":true,"href":"https:\/\/diocesiscartago.org\/index.php?rest_route=\/wp\/v2\/users\/1"}],"replies":[{"embeddable":true,"href":"https:\/\/diocesiscartago.org\/index.php?rest_route=%2Fwp%2Fv2%2Fcomments&post=137"}],"version-history":[{"count":1,"href":"https:\/\/diocesiscartago.org\/index.php?rest_route=\/wp\/v2\/pages\/137\/revisions"}],"predecessor-version":[{"id":138,"href":"https:\/\/diocesiscartago.org\/index.php?rest_route=\/wp\/v2\/pages\/137\/revisions\/138"}],"up":[{"embeddable":true,"href":"https:\/\/diocesiscartago.org\/index.php?rest_route=\/wp\/v2\/pages\/67"}],"wp:attachment":[{"href":"https:\/\/diocesiscartago.org\/index.php?rest_route=%2Fwp%2Fv2%2Fmedia&parent=137"}],"curies":[{"name":"wp","href":"https:\/\/api.w.org\/{rel}","templated":true}]}}