{"id":153,"date":"2023-06-09T22:28:11","date_gmt":"2023-06-09T22:28:11","guid":{"rendered":"https:\/\/diocesiscartago.org\/?page_id=153"},"modified":"2023-06-15T14:46:21","modified_gmt":"2023-06-15T14:46:21","slug":"pastoral-diaconado-permanente","status":"publish","type":"page","link":"https:\/\/diocesiscartago.org\/?page_id=153","title":{"rendered":"Pastoral Diaconado Permanente"},"content":{"rendered":"<p><img  title=\"\" decoding=\"async\" src=\"https:\/\/diocesiscartago.org\/wp-content\/uploads\/2023\/06\/pastoral-diaconado-permanente.jpg\"  alt=\"pastoral-diaconado-permanente Pastoral Diaconado Permanente\"  class=\"rounded img-fluid w-100 mb-3\" \/><\/p>\n<p>La Pastoral Diaconado Permanente se refiere a las acciones y enfoques pastorales espec\u00edficos dirigidos a los di\u00e1conos permanentes dentro de la Iglesia Cat\u00f3lica. El diaconado permanente es un sacramento ordenado en el cual los hombres son ordenados di\u00e1conos y asumen un compromiso permanente de servicio en la Iglesia y en la comunidad. La Pastoral Diaconado Permanente tiene como objetivo principal brindar formaci\u00f3n, apoyo espiritual y acompa\u00f1amiento a los di\u00e1conos permanentes en su labor pastoral y ministerial.<\/p>\n<p>La Pastoral Diaconado Permanente se enfoca en la capacitaci\u00f3n y formaci\u00f3n continua de los di\u00e1conos permanentes, ayud\u00e1ndoles a comprender su rol y funci\u00f3n dentro de la Iglesia y la sociedad. Proporciona orientaci\u00f3n y recursos para su ministerio de servicio, que puede incluir la predicaci\u00f3n, la asistencia lit\u00fargica, la pastoral de la caridad y la justicia social, entre otros. Adem\u00e1s, la Pastoral Diaconado Permanente fomenta la fraternidad y el intercambio de experiencias entre los di\u00e1conos permanentes, promoviendo la colaboraci\u00f3n y el crecimiento mutuo en su servicio a la comunidad. En resumen, la Pastoral Diaconado Permanente se dedica a apoyar y acompa\u00f1ar a los di\u00e1conos permanentes en su vocaci\u00f3n y ministerio, fortaleciendo su formaci\u00f3n espiritual y pastoral para que puedan desempe\u00f1ar su servicio con eficacia y compromiso.<\/p>\n","protected":false},"excerpt":{"rendered":"<p>La Pastoral Diaconado Permanente se refiere a las acciones y enfoques pastorales espec\u00edficos dirigidos a los di\u00e1conos permanentes dentro de la Iglesia Cat\u00f3lica. El diaconado permanente es un sacramento ordenado&hellip;<\/p>\n","protected":false},"author":1,"featured_media":0,"parent":15,"menu_order":0,"comment_status":"closed","ping_status":"closed","template":"","meta":{"footnotes":""},"class_list":["post-153","page","type-page","status-publish","hentry"],"_links":{"self":[{"href":"https:\/\/diocesiscartago.org\/index.php?rest_route=\/wp\/v2\/pages\/153","targetHints":{"allow":["GET"]}}],"collection":[{"href":"https:\/\/diocesiscartago.org\/index.php?rest_route=\/wp\/v2\/pages"}],"about":[{"href":"https:\/\/diocesiscartago.org\/index.php?rest_route=\/wp\/v2\/types\/page"}],"author":[{"embeddable":true,"href":"https:\/\/diocesiscartago.org\/index.php?rest_route=\/wp\/v2\/users\/1"}],"replies":[{"embeddable":true,"href":"https:\/\/diocesiscartago.org\/index.php?rest_route=%2Fwp%2Fv2%2Fcomments&post=153"}],"version-history":[{"count":3,"href":"https:\/\/diocesiscartago.org\/index.php?rest_route=\/wp\/v2\/pages\/153\/revisions"}],"predecessor-version":[{"id":272,"href":"https:\/\/diocesiscartago.org\/index.php?rest_route=\/wp\/v2\/pages\/153\/revisions\/272"}],"up":[{"embeddable":true,"href":"https:\/\/diocesiscartago.org\/index.php?rest_route=\/wp\/v2\/pages\/15"}],"wp:attachment":[{"href":"https:\/\/diocesiscartago.org\/index.php?rest_route=%2Fwp%2Fv2%2Fmedia&parent=153"}],"curies":[{"name":"wp","href":"https:\/\/api.w.org\/{rel}","templated":true}]}}