{"id":157,"date":"2023-06-09T22:28:43","date_gmt":"2023-06-09T22:28:43","guid":{"rendered":"https:\/\/diocesiscartago.org\/?page_id=157"},"modified":"2023-06-15T15:32:04","modified_gmt":"2023-06-15T15:32:04","slug":"pastoral-liturgica","status":"publish","type":"page","link":"https:\/\/diocesiscartago.org\/?page_id=157","title":{"rendered":"Pastoral Lit\u00fargica"},"content":{"rendered":"<p><img  title=\"\" decoding=\"async\" src=\"\/wp-content\/uploads\/2023\/06\/pastoral-liturgica.jpg\"  alt=\"pastoral-liturgica Pastoral Lit\u00fargica\"  class=\"rounded img-fluid w-100 mb-3\" \/><\/p>\n<p>La Pastoral Lit\u00fargica es una dimensi\u00f3n esencial de la vida de la Iglesia, que se dedica al cuidado y promoci\u00f3n de la liturgia, es decir, de las celebraciones y ritos sagrados. Su objetivo principal es ayudar a los fieles a vivir plenamente la experiencia de encuentro con Dios a trav\u00e9s de la liturgia y a comprender el significado profundo de los sacramentos y de los diferentes momentos lit\u00fargicos.<\/p>\n<p>La Pastoral Lit\u00fargica se encarga de coordinar y preparar las celebraciones lit\u00fargicas, asegur\u00e1ndose de que se realicen de manera reverente, digna y fiel a las normas establecidas por la Iglesia. Adem\u00e1s, se preocupa por la formaci\u00f3n de los ministros lit\u00fargicos, como los sacerdotes, di\u00e1conos, lectores, ac\u00f3litos y m\u00fasicos, para que desempe\u00f1en su funci\u00f3n de manera adecuada y puedan guiar a la comunidad en la participaci\u00f3n activa y consciente en la liturgia.<\/p>\n<p>A trav\u00e9s de la Pastoral Lit\u00fargica, la Iglesia busca que los fieles experimenten la presencia de Dios, se nutran espiritualmente y crezcan en su fe. Se promueve el sentido de comunidad, la belleza lit\u00fargica y el encuentro personal con Cristo a trav\u00e9s de los sacramentos y las celebraciones lit\u00fargicas. En resumen, la Pastoral Lit\u00fargica es responsable de animar, formar y coordinar las celebraciones lit\u00fargicas, con el fin de que los fieles puedan experimentar la presencia de Dios y crecer en su relaci\u00f3n con \u00c9l.<\/p>\n","protected":false},"excerpt":{"rendered":"<p>La Pastoral Lit\u00fargica es una dimensi\u00f3n esencial de la vida de la Iglesia, que se dedica al cuidado y promoci\u00f3n de la liturgia, es decir, de las celebraciones y ritos&hellip;<\/p>\n","protected":false},"author":1,"featured_media":0,"parent":15,"menu_order":0,"comment_status":"closed","ping_status":"closed","template":"","meta":{"footnotes":""},"class_list":["post-157","page","type-page","status-publish","hentry"],"_links":{"self":[{"href":"https:\/\/diocesiscartago.org\/index.php?rest_route=\/wp\/v2\/pages\/157","targetHints":{"allow":["GET"]}}],"collection":[{"href":"https:\/\/diocesiscartago.org\/index.php?rest_route=\/wp\/v2\/pages"}],"about":[{"href":"https:\/\/diocesiscartago.org\/index.php?rest_route=\/wp\/v2\/types\/page"}],"author":[{"embeddable":true,"href":"https:\/\/diocesiscartago.org\/index.php?rest_route=\/wp\/v2\/users\/1"}],"replies":[{"embeddable":true,"href":"https:\/\/diocesiscartago.org\/index.php?rest_route=%2Fwp%2Fv2%2Fcomments&post=157"}],"version-history":[{"count":4,"href":"https:\/\/diocesiscartago.org\/index.php?rest_route=\/wp\/v2\/pages\/157\/revisions"}],"predecessor-version":[{"id":278,"href":"https:\/\/diocesiscartago.org\/index.php?rest_route=\/wp\/v2\/pages\/157\/revisions\/278"}],"up":[{"embeddable":true,"href":"https:\/\/diocesiscartago.org\/index.php?rest_route=\/wp\/v2\/pages\/15"}],"wp:attachment":[{"href":"https:\/\/diocesiscartago.org\/index.php?rest_route=%2Fwp%2Fv2%2Fmedia&parent=157"}],"curies":[{"name":"wp","href":"https:\/\/api.w.org\/{rel}","templated":true}]}}