{"id":159,"date":"2023-06-09T22:29:02","date_gmt":"2023-06-09T22:29:02","guid":{"rendered":"https:\/\/diocesiscartago.org\/?page_id=159"},"modified":"2023-06-16T19:11:27","modified_gmt":"2023-06-16T19:11:27","slug":"pastoral-grupos-y-movimientos","status":"publish","type":"page","link":"https:\/\/diocesiscartago.org\/?page_id=159","title":{"rendered":"Pastoral Grupos y movimientos"},"content":{"rendered":"<p><img  title=\"\" decoding=\"async\" src=\"\/wp-content\/uploads\/2023\/06\/pastoral-grupos-y-movimientos.jpg\"  alt=\"pastoral-grupos-y-movimientos Pastoral Grupos y movimientos\"  class=\"rounded img-fluid w-100 mb-3\" \/><\/p>\n<p>La pastoral de grupos y movimientos es una dimensi\u00f3n importante de la acci\u00f3n evangelizadora de la Iglesia Cat\u00f3lica. Consiste en la organizaci\u00f3n y acompa\u00f1amiento de comunidades y asociaciones de fieles que comparten un objetivo com\u00fan en su vida de fe y buscan vivir y difundir el mensaje cristiano en su entorno. Estos grupos pueden ser de diversa \u00edndole, como grupos de j\u00f3venes, grupos de adultos, movimientos carism\u00e1ticos, asociaciones marianas, entre otros.<\/p>\n<p>La pastoral de grupos y movimientos se enfoca en ofrecer un espacio de formaci\u00f3n, oraci\u00f3n, encuentro y servicio para los miembros de estas comunidades, promoviendo su crecimiento espiritual y su participaci\u00f3n activa en la vida de la Iglesia. Adem\u00e1s, busca fomentar la comuni\u00f3n y la solidaridad entre los miembros, favoreciendo la construcci\u00f3n de una comunidad cristiana viva y comprometida. Los grupos y movimientos pastorales son una expresi\u00f3n concreta de la diversidad y riqueza de la Iglesia, y contribuyen al fortalecimiento de la fe y al testimonio cristiano en el mundo.<\/p>\n","protected":false},"excerpt":{"rendered":"<p>La pastoral de grupos y movimientos es una dimensi\u00f3n importante de la acci\u00f3n evangelizadora de la Iglesia Cat\u00f3lica. Consiste en la organizaci\u00f3n y acompa\u00f1amiento de comunidades y asociaciones de fieles&hellip;<\/p>\n","protected":false},"author":1,"featured_media":0,"parent":15,"menu_order":0,"comment_status":"closed","ping_status":"closed","template":"","meta":{"footnotes":""},"class_list":["post-159","page","type-page","status-publish","hentry"],"_links":{"self":[{"href":"https:\/\/diocesiscartago.org\/index.php?rest_route=\/wp\/v2\/pages\/159","targetHints":{"allow":["GET"]}}],"collection":[{"href":"https:\/\/diocesiscartago.org\/index.php?rest_route=\/wp\/v2\/pages"}],"about":[{"href":"https:\/\/diocesiscartago.org\/index.php?rest_route=\/wp\/v2\/types\/page"}],"author":[{"embeddable":true,"href":"https:\/\/diocesiscartago.org\/index.php?rest_route=\/wp\/v2\/users\/1"}],"replies":[{"embeddable":true,"href":"https:\/\/diocesiscartago.org\/index.php?rest_route=%2Fwp%2Fv2%2Fcomments&post=159"}],"version-history":[{"count":4,"href":"https:\/\/diocesiscartago.org\/index.php?rest_route=\/wp\/v2\/pages\/159\/revisions"}],"predecessor-version":[{"id":305,"href":"https:\/\/diocesiscartago.org\/index.php?rest_route=\/wp\/v2\/pages\/159\/revisions\/305"}],"up":[{"embeddable":true,"href":"https:\/\/diocesiscartago.org\/index.php?rest_route=\/wp\/v2\/pages\/15"}],"wp:attachment":[{"href":"https:\/\/diocesiscartago.org\/index.php?rest_route=%2Fwp%2Fv2%2Fmedia&parent=159"}],"curies":[{"name":"wp","href":"https:\/\/api.w.org\/{rel}","templated":true}]}}