{"id":161,"date":"2023-06-09T22:29:19","date_gmt":"2023-06-09T22:29:19","guid":{"rendered":"https:\/\/diocesiscartago.org\/?page_id=161"},"modified":"2023-06-15T15:07:27","modified_gmt":"2023-06-15T15:07:27","slug":"pastoral-catequesis-e-infancia","status":"publish","type":"page","link":"https:\/\/diocesiscartago.org\/?page_id=161","title":{"rendered":"Pastoral Catequesis e Infancia"},"content":{"rendered":"<p><img  title=\"\" decoding=\"async\" src=\"\/wp-content\/uploads\/2023\/06\/pastoral-catequesis-e-infancia.jpg\"  alt=\"pastoral-catequesis-e-infancia Pastoral Catequesis e Infancia\"  class=\"rounded img-fluid w-100 mb-3\" \/><\/p>\n<p>La Pastoral Catequesis e Infancia se refiere a las acciones y enfoques pastorales destinados a la formaci\u00f3n religiosa y espiritual de los ni\u00f1os dentro de la Iglesia. La catequesis infantil tiene como objetivo principal transmitir los fundamentos de la fe cat\u00f3lica de manera adaptada a la edad y comprensi\u00f3n de los ni\u00f1os, ayud\u00e1ndoles a crecer en su relaci\u00f3n con Dios y en su conocimiento de la doctrina y los valores cristianos.<\/p>\n<p>La Pastoral Catequesis e Infancia se desarrolla a trav\u00e9s de programas y actividades espec\u00edficamente dise\u00f1ados para los ni\u00f1os, tales como clases de catequesis, encuentros de formaci\u00f3n, celebraciones lit\u00fargicas adaptadas y momentos de oraci\u00f3n. Busca despertar el inter\u00e9s de los ni\u00f1os por la fe, fortalecer su relaci\u00f3n con Jes\u00fas y fomentar su participaci\u00f3n activa en la vida de la comunidad parroquial. Adem\u00e1s, la pastoral catequ\u00e9tica tambi\u00e9n implica el acompa\u00f1amiento de los padres y catequistas, brind\u00e1ndoles recursos y formaci\u00f3n para que puedan desempe\u00f1ar su papel de educadores en la fe de los ni\u00f1os. En resumen, la Pastoral Catequesis e Infancia se dedica a acompa\u00f1ar y guiar a los ni\u00f1os en su proceso de formaci\u00f3n religiosa, cultivando su fe y ayud\u00e1ndoles a crecer como disc\u00edpulos de Jes\u00fas en un entorno adaptado a sus necesidades y capacidades.<\/p>\n","protected":false},"excerpt":{"rendered":"<p>La Pastoral Catequesis e Infancia se refiere a las acciones y enfoques pastorales destinados a la formaci\u00f3n religiosa y espiritual de los ni\u00f1os dentro de la Iglesia. La catequesis infantil&hellip;<\/p>\n","protected":false},"author":1,"featured_media":0,"parent":15,"menu_order":0,"comment_status":"closed","ping_status":"closed","template":"","meta":{"footnotes":""},"class_list":["post-161","page","type-page","status-publish","hentry"],"_links":{"self":[{"href":"https:\/\/diocesiscartago.org\/index.php?rest_route=\/wp\/v2\/pages\/161","targetHints":{"allow":["GET"]}}],"collection":[{"href":"https:\/\/diocesiscartago.org\/index.php?rest_route=\/wp\/v2\/pages"}],"about":[{"href":"https:\/\/diocesiscartago.org\/index.php?rest_route=\/wp\/v2\/types\/page"}],"author":[{"embeddable":true,"href":"https:\/\/diocesiscartago.org\/index.php?rest_route=\/wp\/v2\/users\/1"}],"replies":[{"embeddable":true,"href":"https:\/\/diocesiscartago.org\/index.php?rest_route=%2Fwp%2Fv2%2Fcomments&post=161"}],"version-history":[{"count":4,"href":"https:\/\/diocesiscartago.org\/index.php?rest_route=\/wp\/v2\/pages\/161\/revisions"}],"predecessor-version":[{"id":275,"href":"https:\/\/diocesiscartago.org\/index.php?rest_route=\/wp\/v2\/pages\/161\/revisions\/275"}],"up":[{"embeddable":true,"href":"https:\/\/diocesiscartago.org\/index.php?rest_route=\/wp\/v2\/pages\/15"}],"wp:attachment":[{"href":"https:\/\/diocesiscartago.org\/index.php?rest_route=%2Fwp%2Fv2%2Fmedia&parent=161"}],"curies":[{"name":"wp","href":"https:\/\/api.w.org\/{rel}","templated":true}]}}