{"id":165,"date":"2023-06-09T22:29:49","date_gmt":"2023-06-09T22:29:49","guid":{"rendered":"https:\/\/diocesiscartago.org\/?page_id=165"},"modified":"2023-06-14T22:23:23","modified_gmt":"2023-06-14T22:23:23","slug":"pastoral-medios-de-comunicacion","status":"publish","type":"page","link":"https:\/\/diocesiscartago.org\/?page_id=165","title":{"rendered":"Pastoral Medios de comunicaci\u00f3n"},"content":{"rendered":"<p><img  title=\"\" decoding=\"async\" src=\"\/wp-content\/uploads\/2023\/06\/pastoral-medios-de-comunicacion.jpg\"  alt=\"pastoral-medios-de-comunicacion Pastoral Medios de comunicaci\u00f3n\"  class=\"rounded img-fluid w-100 mb-3\" \/><\/p>\n<p>La Pastoral de Medios de Comunicaci\u00f3n es una dimensi\u00f3n fundamental de la Iglesia que utiliza los medios de comunicaci\u00f3n, como la radio, la televisi\u00f3n, el cine, Internet y las redes sociales, para difundir el mensaje evang\u00e9lico y promover los valores cristianos en la sociedad contempor\u00e1nea. Su misi\u00f3n principal es evangelizar, alcanzando a un p\u00fablico amplio y diverso, y ofrecer una perspectiva cristiana en el \u00e1mbito de la comunicaci\u00f3n.<\/p>\n<p>Adem\u00e1s de la difusi\u00f3n del mensaje, la Pastoral de Medios de Comunicaci\u00f3n se preocupa por fomentar una comunicaci\u00f3n \u00e9tica y responsable, promoviendo la dignidad humana, la solidaridad y la justicia. Colabora estrechamente con profesionales de los medios y forma a agentes pastorales competentes en el uso de los medios de comunicaci\u00f3n. Su objetivo final es transmitir esperanza, transformar vidas y ser una voz aut\u00e9ntica y significativa en el mundo medi\u00e1tico, llevando el mensaje del Evangelio a todas las personas y generando un impacto positivo en la sociedad.<\/p>\n","protected":false},"excerpt":{"rendered":"<p>La Pastoral de Medios de Comunicaci\u00f3n es una dimensi\u00f3n fundamental de la Iglesia que utiliza los medios de comunicaci\u00f3n, como la radio, la televisi\u00f3n, el cine, Internet y las redes&hellip;<\/p>\n","protected":false},"author":1,"featured_media":0,"parent":15,"menu_order":0,"comment_status":"closed","ping_status":"closed","template":"","meta":{"footnotes":""},"class_list":["post-165","page","type-page","status-publish","hentry"],"_links":{"self":[{"href":"https:\/\/diocesiscartago.org\/index.php?rest_route=\/wp\/v2\/pages\/165","targetHints":{"allow":["GET"]}}],"collection":[{"href":"https:\/\/diocesiscartago.org\/index.php?rest_route=\/wp\/v2\/pages"}],"about":[{"href":"https:\/\/diocesiscartago.org\/index.php?rest_route=\/wp\/v2\/types\/page"}],"author":[{"embeddable":true,"href":"https:\/\/diocesiscartago.org\/index.php?rest_route=\/wp\/v2\/users\/1"}],"replies":[{"embeddable":true,"href":"https:\/\/diocesiscartago.org\/index.php?rest_route=%2Fwp%2Fv2%2Fcomments&post=165"}],"version-history":[{"count":3,"href":"https:\/\/diocesiscartago.org\/index.php?rest_route=\/wp\/v2\/pages\/165\/revisions"}],"predecessor-version":[{"id":253,"href":"https:\/\/diocesiscartago.org\/index.php?rest_route=\/wp\/v2\/pages\/165\/revisions\/253"}],"up":[{"embeddable":true,"href":"https:\/\/diocesiscartago.org\/index.php?rest_route=\/wp\/v2\/pages\/15"}],"wp:attachment":[{"href":"https:\/\/diocesiscartago.org\/index.php?rest_route=%2Fwp%2Fv2%2Fmedia&parent=165"}],"curies":[{"name":"wp","href":"https:\/\/api.w.org\/{rel}","templated":true}]}}