{"id":167,"date":"2023-06-09T22:30:04","date_gmt":"2023-06-09T22:30:04","guid":{"rendered":"https:\/\/diocesiscartago.org\/?page_id=167"},"modified":"2023-06-15T13:55:19","modified_gmt":"2023-06-15T13:55:19","slug":"pastoral-familiar","status":"publish","type":"page","link":"https:\/\/diocesiscartago.org\/?page_id=167","title":{"rendered":"Pastoral Familiar"},"content":{"rendered":"<p><img  title=\"\" decoding=\"async\" src=\"\/wp-content\/uploads\/2023\/06\/pastoral-familiar.jpg\"  alt=\"pastoral-familiar Pastoral Familiar\"  class=\"rounded img-fluid w-100 mb-3\" \/><\/p>\n<p>La Pastoral Familiar se refiere a las actividades y enfoques pastorales dirigidos a la familia como n\u00facleo fundamental de la sociedad y de la Iglesia. Busca promover y fortalecer los valores cristianos y la unidad familiar, brindando apoyo espiritual, educativo y pr\u00e1ctico a las parejas, padres e hijos en su camino de fe y en el desarrollo de relaciones saludables.<\/p>\n<p>La Pastoral Familiar se centra en temas como el matrimonio, la educaci\u00f3n de los hijos, la comunicaci\u00f3n y la resoluci\u00f3n de conflictos dentro del \u00e1mbito familiar. A trav\u00e9s de programas de formaci\u00f3n, retiros, encuentros y orientaci\u00f3n espiritual, busca ofrecer recursos y herramientas que ayuden a las familias a vivir su vocaci\u00f3n con plenitud y afrontar los desaf\u00edos propios de la vida cotidiana. <\/p>\n<p>Adem\u00e1s, tambi\u00e9n aborda situaciones particulares, como la pastoral para matrimonios en crisis, la atenci\u00f3n a familias monoparentales o la asistencia a personas divorciadas. En resumen, la Pastoral Familiar se dedica a acompa\u00f1ar, sostener y fortalecer a las familias en su crecimiento y desarrollo espiritual, promoviendo la comuni\u00f3n y el amor dentro del seno familiar y su proyecci\u00f3n en la sociedad.<\/p>\n","protected":false},"excerpt":{"rendered":"<p>La Pastoral Familiar se refiere a las actividades y enfoques pastorales dirigidos a la familia como n\u00facleo fundamental de la sociedad y de la Iglesia. Busca promover y fortalecer los&hellip;<\/p>\n","protected":false},"author":1,"featured_media":0,"parent":15,"menu_order":0,"comment_status":"closed","ping_status":"closed","template":"","meta":{"footnotes":""},"class_list":["post-167","page","type-page","status-publish","hentry"],"_links":{"self":[{"href":"https:\/\/diocesiscartago.org\/index.php?rest_route=\/wp\/v2\/pages\/167","targetHints":{"allow":["GET"]}}],"collection":[{"href":"https:\/\/diocesiscartago.org\/index.php?rest_route=\/wp\/v2\/pages"}],"about":[{"href":"https:\/\/diocesiscartago.org\/index.php?rest_route=\/wp\/v2\/types\/page"}],"author":[{"embeddable":true,"href":"https:\/\/diocesiscartago.org\/index.php?rest_route=\/wp\/v2\/users\/1"}],"replies":[{"embeddable":true,"href":"https:\/\/diocesiscartago.org\/index.php?rest_route=%2Fwp%2Fv2%2Fcomments&post=167"}],"version-history":[{"count":3,"href":"https:\/\/diocesiscartago.org\/index.php?rest_route=\/wp\/v2\/pages\/167\/revisions"}],"predecessor-version":[{"id":264,"href":"https:\/\/diocesiscartago.org\/index.php?rest_route=\/wp\/v2\/pages\/167\/revisions\/264"}],"up":[{"embeddable":true,"href":"https:\/\/diocesiscartago.org\/index.php?rest_route=\/wp\/v2\/pages\/15"}],"wp:attachment":[{"href":"https:\/\/diocesiscartago.org\/index.php?rest_route=%2Fwp%2Fv2%2Fmedia&parent=167"}],"curies":[{"name":"wp","href":"https:\/\/api.w.org\/{rel}","templated":true}]}}