{"id":169,"date":"2023-06-09T22:30:21","date_gmt":"2023-06-09T22:30:21","guid":{"rendered":"https:\/\/diocesiscartago.org\/?page_id=169"},"modified":"2024-11-19T22:24:59","modified_gmt":"2024-11-19T22:24:59","slug":"pastoral-juvenil","status":"publish","type":"page","link":"https:\/\/diocesiscartago.org\/?page_id=169","title":{"rendered":"Pastoral Juvenil"},"content":{"rendered":"<p><img  title=\"\" loading=\"lazy\" decoding=\"async\" class=\"alignnone size-thumbnail wp-image-980\" src=\"https:\/\/diocesiscartago.org\/wp-content\/uploads\/2024\/11\/464686650_559495536464918_9022286026786837593_n-150x150.jpg\"  alt=\"464686650_559495536464918_9022286026786837593_n-150x150 Pastoral Juvenil\"  width=\"150\" height=\"150\" srcset=\"https:\/\/diocesiscartago.org\/wp-content\/uploads\/2024\/11\/464686650_559495536464918_9022286026786837593_n-150x150.jpg 150w, https:\/\/diocesiscartago.org\/wp-content\/uploads\/2024\/11\/464686650_559495536464918_9022286026786837593_n-300x300.jpg 300w, https:\/\/diocesiscartago.org\/wp-content\/uploads\/2024\/11\/464686650_559495536464918_9022286026786837593_n-1024x1024.jpg 1024w, https:\/\/diocesiscartago.org\/wp-content\/uploads\/2024\/11\/464686650_559495536464918_9022286026786837593_n-768x768.jpg 768w, https:\/\/diocesiscartago.org\/wp-content\/uploads\/2024\/11\/464686650_559495536464918_9022286026786837593_n.jpg 1080w\" sizes=\"auto, (max-width: 150px) 100vw, 150px\" \/><\/p>\n<p>En un mundo din\u00e1mico y desafiante, la juventud se encuentra en una encrucijada buscando respuestas a preguntas fundamentales sobre el prop\u00f3sito de la vida, la identidad y la espiritualidad.<\/p>\n<p>Descarga aqu\u00ed el proyecto pastoral que el delegado, el presb\u00edtero Jorge Mario P\u00e9rez Serna, con su equipo juvenil, ha preparado para el caminar con Esperanza en nuestra Di\u00f3cesis de Cartago<\/p>\n<p><a href=\"https:\/\/diocesiscartago.org\/wp-content\/uploads\/2024\/11\/Proyecto-Pastoral-Juvenil-Dio\u0301cesis-de-Cartago.docx\">Proyecto Pastoral Juvenil Dio\u0301cesis de Cartago<\/a><\/p>\n","protected":false},"excerpt":{"rendered":"<p>En un mundo din\u00e1mico y desafiante, la juventud se encuentra en una encrucijada buscando respuestas a preguntas fundamentales sobre el prop\u00f3sito de la vida, la identidad y la espiritualidad. Descarga&hellip;<\/p>\n","protected":false},"author":1,"featured_media":980,"parent":15,"menu_order":0,"comment_status":"closed","ping_status":"closed","template":"","meta":{"footnotes":""},"class_list":["post-169","page","type-page","status-publish","has-post-thumbnail","hentry"],"_links":{"self":[{"href":"https:\/\/diocesiscartago.org\/index.php?rest_route=\/wp\/v2\/pages\/169","targetHints":{"allow":["GET"]}}],"collection":[{"href":"https:\/\/diocesiscartago.org\/index.php?rest_route=\/wp\/v2\/pages"}],"about":[{"href":"https:\/\/diocesiscartago.org\/index.php?rest_route=\/wp\/v2\/types\/page"}],"author":[{"embeddable":true,"href":"https:\/\/diocesiscartago.org\/index.php?rest_route=\/wp\/v2\/users\/1"}],"replies":[{"embeddable":true,"href":"https:\/\/diocesiscartago.org\/index.php?rest_route=%2Fwp%2Fv2%2Fcomments&post=169"}],"version-history":[{"count":5,"href":"https:\/\/diocesiscartago.org\/index.php?rest_route=\/wp\/v2\/pages\/169\/revisions"}],"predecessor-version":[{"id":981,"href":"https:\/\/diocesiscartago.org\/index.php?rest_route=\/wp\/v2\/pages\/169\/revisions\/981"}],"up":[{"embeddable":true,"href":"https:\/\/diocesiscartago.org\/index.php?rest_route=\/wp\/v2\/pages\/15"}],"wp:featuredmedia":[{"embeddable":true,"href":"https:\/\/diocesiscartago.org\/index.php?rest_route=\/wp\/v2\/media\/980"}],"wp:attachment":[{"href":"https:\/\/diocesiscartago.org\/index.php?rest_route=%2Fwp%2Fv2%2Fmedia&parent=169"}],"curies":[{"name":"wp","href":"https:\/\/api.w.org\/{rel}","templated":true}]}}