{"id":175,"date":"2023-06-09T22:31:11","date_gmt":"2023-06-09T22:31:11","guid":{"rendered":"https:\/\/diocesiscartago.org\/?page_id=175"},"modified":"2023-06-15T19:37:36","modified_gmt":"2023-06-15T19:37:36","slug":"alpha","status":"publish","type":"page","link":"https:\/\/diocesiscartago.org\/?page_id=175","title":{"rendered":"ALPHA"},"content":{"rendered":"<p><img  title=\"\" decoding=\"async\" src=\"\/wp-content\/uploads\/2023\/06\/alpha-2023.jpg\"  alt=\"alpha-2023 ALPHA\"  class=\"rounded img-fluid w-100 mb-3\" \/><\/p>\n<p>Alpha es un programa de formaci\u00f3n y evangelizaci\u00f3n cristiana dise\u00f1ado para explorar las bases de la fe cristiana de una manera abierta, accesible y amigable. Su objetivo principal es proporcionar un espacio seguro y acogedor donde las personas puedan hacer preguntas, expresar dudas y tener conversaciones significativas sobre la fe y su relevancia en la vida cotidiana.<\/p>\n<p>El programa Alpha se basa en una serie de sesiones interactivas que incluyen una cena, una charla sobre un tema central de la fe cristiana y un tiempo de discusi\u00f3n en grupos peque\u00f1os. Cubre temas fundamentales como la existencia de Dios, el prop\u00f3sito de la vida, Jes\u00fas y su muerte en la cruz, el poder del Esp\u00edritu Santo, entre otros. Alpha no busca imponer respuestas, sino crear un ambiente de di\u00e1logo y descubrimiento donde las personas puedan compartir sus experiencias y reflexiones personales.<\/p>\n<p>En resumen, Alpha es un programa de formaci\u00f3n y evangelizaci\u00f3n que invita a las personas a explorar y profundizar en su fe cristiana, alent\u00e1ndolas a hacer preguntas, buscar respuestas y crecer espiritualmente. Proporciona un espacio de encuentro y comunidad donde se promueve el di\u00e1logo abierto, la reflexi\u00f3n y el crecimiento en la relaci\u00f3n con Dios y con los dem\u00e1s.<\/p>\n","protected":false},"excerpt":{"rendered":"<p>Alpha es un programa de formaci\u00f3n y evangelizaci\u00f3n cristiana dise\u00f1ado para explorar las bases de la fe cristiana de una manera abierta, accesible y amigable. Su objetivo principal es proporcionar&hellip;<\/p>\n","protected":false},"author":1,"featured_media":0,"parent":15,"menu_order":0,"comment_status":"closed","ping_status":"closed","template":"","meta":{"footnotes":""},"class_list":["post-175","page","type-page","status-publish","hentry"],"_links":{"self":[{"href":"https:\/\/diocesiscartago.org\/index.php?rest_route=\/wp\/v2\/pages\/175","targetHints":{"allow":["GET"]}}],"collection":[{"href":"https:\/\/diocesiscartago.org\/index.php?rest_route=\/wp\/v2\/pages"}],"about":[{"href":"https:\/\/diocesiscartago.org\/index.php?rest_route=\/wp\/v2\/types\/page"}],"author":[{"embeddable":true,"href":"https:\/\/diocesiscartago.org\/index.php?rest_route=\/wp\/v2\/users\/1"}],"replies":[{"embeddable":true,"href":"https:\/\/diocesiscartago.org\/index.php?rest_route=%2Fwp%2Fv2%2Fcomments&post=175"}],"version-history":[{"count":4,"href":"https:\/\/diocesiscartago.org\/index.php?rest_route=\/wp\/v2\/pages\/175\/revisions"}],"predecessor-version":[{"id":280,"href":"https:\/\/diocesiscartago.org\/index.php?rest_route=\/wp\/v2\/pages\/175\/revisions\/280"}],"up":[{"embeddable":true,"href":"https:\/\/diocesiscartago.org\/index.php?rest_route=\/wp\/v2\/pages\/15"}],"wp:attachment":[{"href":"https:\/\/diocesiscartago.org\/index.php?rest_route=%2Fwp%2Fv2%2Fmedia&parent=175"}],"curies":[{"name":"wp","href":"https:\/\/api.w.org\/{rel}","templated":true}]}}