{"id":283,"date":"2023-06-16T16:57:32","date_gmt":"2023-06-16T16:57:32","guid":{"rendered":"https:\/\/diocesiscartago.org\/?page_id=283"},"modified":"2023-06-16T16:57:32","modified_gmt":"2023-06-16T16:57:32","slug":"dimension-humana-y-comunitaria","status":"publish","type":"page","link":"https:\/\/diocesiscartago.org\/?page_id=283","title":{"rendered":"Dimensi\u00f3n Humana y Comunitaria"},"content":{"rendered":"<p><em>Busca hacer capaz al candidato de vivir como cristiano en un mundo plural, con equilibrio, fortaleza, serenidad y libertad interior\u00bb ( D.A No. 280 a).<\/em><\/p>\n<p>La Dimensi\u00f3n humana y comunitaria ofrece una experiencia en la que el candidato puede encontrarse con s\u00ed mismo y a la vez compartir con los dem\u00e1s lo que es y lo que posee y de esta manera podr\u00e1 adquirir las cualidades necesarias que se necesitan para ser modelo en la comunidad a la que ser\u00e1 enviado en su respuesta al seguimiento de Cristo, es decir modelo de comuni\u00f3n entre los hombres, que son sus hermanos.<\/p>\n<p>La dimensi\u00f3n humana y comunitaria forma al candidato de una manera que \u00e9ste permita vivir en su vida  una sensibilidad humana, que posea entra\u00f1as de misericordia ante cualquier dolor y sufrimiento humano, a modelo de Cristo el Se\u00f1or:<\/p>\n<p><em>\u201cY al ver a la muchedumbre, sinti\u00f3 compasi\u00f3n de ella, porque estaban vejados y abatidos como ovejas que no tienen pastor.\u201d (Mt 9,36).<\/em><\/p>\n<p>Que no se quede sumergido en el ego\u00edsmo del mundo, sino que conociendo y viviendo en esta realidad humana pueda desempe\u00f1ar su papel como pastor que acoge los ruegos de los hombres,  pero que tambi\u00e9n comparte con ellos, pues  \u00e9l como hombre tambi\u00e9n ruega al Maestro, por s\u00ed mismo.<\/p>\n<p>La dimensi\u00f3n humana preparar\u00e1 al candidato en su configuraci\u00f3n con Jes\u00fas, pues Jes\u00fas como verdadero hombre trasforma al hombre y lo dignifica, pero como verdadero Dios, le da la gracia necesaria, ya lo dir\u00e1 San Pablo:\u201cMi gracia te basta\u201d (2 Cor 12, 9) para comprender cual es su fin \u00faltimo.<\/p>\n","protected":false},"excerpt":{"rendered":"<p>Busca hacer capaz al candidato de vivir como cristiano en un mundo plural, con equilibrio, fortaleza, serenidad y libertad interior\u00bb ( D.A No. 280 a). La Dimensi\u00f3n humana y comunitaria&hellip;<\/p>\n","protected":false},"author":1,"featured_media":0,"parent":71,"menu_order":0,"comment_status":"closed","ping_status":"closed","template":"","meta":{"footnotes":""},"class_list":["post-283","page","type-page","status-publish","hentry"],"_links":{"self":[{"href":"https:\/\/diocesiscartago.org\/index.php?rest_route=\/wp\/v2\/pages\/283","targetHints":{"allow":["GET"]}}],"collection":[{"href":"https:\/\/diocesiscartago.org\/index.php?rest_route=\/wp\/v2\/pages"}],"about":[{"href":"https:\/\/diocesiscartago.org\/index.php?rest_route=\/wp\/v2\/types\/page"}],"author":[{"embeddable":true,"href":"https:\/\/diocesiscartago.org\/index.php?rest_route=\/wp\/v2\/users\/1"}],"replies":[{"embeddable":true,"href":"https:\/\/diocesiscartago.org\/index.php?rest_route=%2Fwp%2Fv2%2Fcomments&post=283"}],"version-history":[{"count":1,"href":"https:\/\/diocesiscartago.org\/index.php?rest_route=\/wp\/v2\/pages\/283\/revisions"}],"predecessor-version":[{"id":285,"href":"https:\/\/diocesiscartago.org\/index.php?rest_route=\/wp\/v2\/pages\/283\/revisions\/285"}],"up":[{"embeddable":true,"href":"https:\/\/diocesiscartago.org\/index.php?rest_route=\/wp\/v2\/pages\/71"}],"wp:attachment":[{"href":"https:\/\/diocesiscartago.org\/index.php?rest_route=%2Fwp%2Fv2%2Fmedia&parent=283"}],"curies":[{"name":"wp","href":"https:\/\/api.w.org\/{rel}","templated":true}]}}