{"id":286,"date":"2023-06-16T16:58:28","date_gmt":"2023-06-16T16:58:28","guid":{"rendered":"https:\/\/diocesiscartago.org\/?page_id=286"},"modified":"2023-06-16T16:58:28","modified_gmt":"2023-06-16T16:58:28","slug":"dimension-espiritual","status":"publish","type":"page","link":"https:\/\/diocesiscartago.org\/?page_id=286","title":{"rendered":"Dimensi\u00f3n Espiritual"},"content":{"rendered":"<p>Es la dimensi\u00f3n formativa que funda el ser cristiano en la experiencia de Dios, manifestado en Jes\u00fas, y que lo conduce por el Esp\u00edritu a trav\u00e9s de los senderos de una maduraci\u00f3n profunda\u00bb (D.A No. 280 b).<\/p>\n<p>Es de esta manera en que el candidato experimenta el amor de Dios en su vida y a la vez lo comparte,  pues el amor verdadero es comunicativo y no centrado en s\u00ed mismo. El candidato lleno de la presencia de Dios, podr\u00e1 trasmitir esa presencia en el mundo, pues deber\u00e1 trasparentar en su vida al Maestro, la dimensi\u00f3n espiritual formar\u00e1 al disc\u00edpulo en la adhesi\u00f3n a la persona de Jesucristo, pues \u00e9l es  \u201cel Camino, la Verdad y la Vida\u201d(Jn 14, 6) de los hombres.<\/p>\n<p>El candidato debe vivir su respuesta de una manera tal que se pueda decir:  \u00e9ste ha sido llamado por Dios, para una Misi\u00f3n en especial, esa misi\u00f3n es trasmitir lo que Dios le comunica (ser Profeta) y esa comunicaci\u00f3n es el Verbo encarnado, es decir comunicar a Cristo, el salvador, al g\u00e9nero humano. Pero \u00bfc\u00f3mo se dar\u00e1 cuenta de lo que le comunica El Se\u00f1or? El verdadero disc\u00edpulo conocer\u00e1 el plan de Dios, en la meditaci\u00f3n, en la contemplaci\u00f3n y en el di\u00e1logo con Cristo en la Sagrada Escritura, ya lo dir\u00e1 San Jer\u00f3nimo: \u201cQuien desconoce las Escrituras, desconoce a Cristo\u201d El Disc\u00edpulo que no trasmite lo que Dios le pide no es el verdadero seguidor y por tanto no es un verdadero disc\u00edpulo, y al no ser verdadero disc\u00edpulo no podr\u00e1 comunicar al mundo su mensaje, lo \u00fanico que podr\u00e1 comunicar ser\u00e1 palabras sin trascendencia, sin impacto, palabras sin vida.El candidato al Sacerdocio, podr\u00e1 acercarse a Mar\u00eda y aprender de ella, pues ella como disc\u00edpula medit\u00f3 y contempl\u00f3 el misterio, pero no s\u00f3lo se quedo con el, sino que sali\u00f3 presurosa al mundo y lo comunic\u00f3.<\/p>\n","protected":false},"excerpt":{"rendered":"<p>Es la dimensi\u00f3n formativa que funda el ser cristiano en la experiencia de Dios, manifestado en Jes\u00fas, y que lo conduce por el Esp\u00edritu a trav\u00e9s de los senderos de&hellip;<\/p>\n","protected":false},"author":1,"featured_media":0,"parent":71,"menu_order":0,"comment_status":"closed","ping_status":"closed","template":"","meta":{"footnotes":""},"class_list":["post-286","page","type-page","status-publish","hentry"],"_links":{"self":[{"href":"https:\/\/diocesiscartago.org\/index.php?rest_route=\/wp\/v2\/pages\/286","targetHints":{"allow":["GET"]}}],"collection":[{"href":"https:\/\/diocesiscartago.org\/index.php?rest_route=\/wp\/v2\/pages"}],"about":[{"href":"https:\/\/diocesiscartago.org\/index.php?rest_route=\/wp\/v2\/types\/page"}],"author":[{"embeddable":true,"href":"https:\/\/diocesiscartago.org\/index.php?rest_route=\/wp\/v2\/users\/1"}],"replies":[{"embeddable":true,"href":"https:\/\/diocesiscartago.org\/index.php?rest_route=%2Fwp%2Fv2%2Fcomments&post=286"}],"version-history":[{"count":1,"href":"https:\/\/diocesiscartago.org\/index.php?rest_route=\/wp\/v2\/pages\/286\/revisions"}],"predecessor-version":[{"id":287,"href":"https:\/\/diocesiscartago.org\/index.php?rest_route=\/wp\/v2\/pages\/286\/revisions\/287"}],"up":[{"embeddable":true,"href":"https:\/\/diocesiscartago.org\/index.php?rest_route=\/wp\/v2\/pages\/71"}],"wp:attachment":[{"href":"https:\/\/diocesiscartago.org\/index.php?rest_route=%2Fwp%2Fv2%2Fmedia&parent=286"}],"curies":[{"name":"wp","href":"https:\/\/api.w.org\/{rel}","templated":true}]}}