{"id":300,"date":"2023-06-16T18:45:29","date_gmt":"2023-06-16T18:45:29","guid":{"rendered":"https:\/\/diocesiscartago.org\/?page_id=300"},"modified":"2023-06-16T18:46:21","modified_gmt":"2023-06-16T18:46:21","slug":"dimension-pastoral","status":"publish","type":"page","link":"https:\/\/diocesiscartago.org\/?page_id=300","title":{"rendered":"Dimensi\u00f3n Pastoral"},"content":{"rendered":"<p>\u201cProyecta hacia la misi\u00f3n de formar disc\u00edpulos y misioneros al servicio del mundo\u201d ( D.A No. 280).<\/p>\n<p>El candidato se prepara para llevar un mensaje que trasforme todas las realidades humanas y as\u00ed pueda conducir al hombre a su fin pr\u00f3ximo: la salvaci\u00f3n, pero \u00e9sta salvaci\u00f3n es integral, es decir, abarca toda la vida humana.<\/p>\n<p>La dimensi\u00f3n pastoral deber\u00e1 infundir en el disc\u00edpulo ese deseo de comunicar la Palabra de Dios a un mundo que est\u00e1 desorientado por tantas tentativas de conocer a Dios, a un mundo pluri-religioso, multi-cultural donde se presentan distintos caminos no muy seguros muchas veces para el hombre.<\/p>\n<p>La dimensi\u00f3n pastoral es manifestaci\u00f3n de la respuesta de la Iglesia a su Fundador, pues el Se\u00f1or \u201cInstituy\u00f3 Doce, para que estuvieran con \u00e9l, y para enviarlos a predicar\u201d (Mc 3,14) y tambi\u00e9n en otro pasaje les dice: \u201c Id por todo el mundo y proclamad la Buena Nueva a toda la creaci\u00f3n\u201d(Mc 16,15). Es as\u00ed que la Iglesia cumple con su compromiso adquirido hace m\u00e1s de 2000 a\u00f1os con el Se\u00f1or; la Iglesia es por tanto evangelizadora por naturaleza, su esencia es anunciar a Cristo resucitado.<\/p>\n<p>El candidato manifestar\u00e1 en su acci\u00f3n pastoral su deseo misionero y a la vez se har\u00e1 participe de la misi\u00f3n del salvador: \u201cque quiere que todos los hombres se salven y lleguen al conocimiento pleno de la verdad.\u201d(1 Tim 2,4).<\/p>\n<p>El candidato que no cumpla con este deseo no podr\u00e1 nunca configurarse con Cristo, ni mucho menos podr\u00e1 manifestar lo que siente en su coraz\u00f3n.<\/p>\n<p>En la dimensi\u00f3n pastoral y misionera, el disc\u00edpulo-candidato manifiesta a Cristo Buen pastor y lo hace vivo y operante en este momento de la historia.<\/p>\n<p>La misi\u00f3n deber\u00e1 inundar al candidato al sacerdocio, con un esp\u00edritu de desprendimiento y entrega  a los dem\u00e1s, pues fue enviado a servir y no a ser servido, a comprender y  no ser comprendido, a amar y no a ser amado, como lo dir\u00e1 San Francisco de As\u00eds.<\/p>\n<p>El lema de la Nueva Evangelizaci\u00f3n deber\u00e1 iluminar tambi\u00e9n est\u00e1 dimensi\u00f3n pues dice:  \u00abpara que Jesucristo est\u00e9 en tus labios y en tu coraz\u00f3n\u00bb.  El disc\u00edpulo deber\u00e1 sentir tambi\u00e9n la necesidad urgente de atraer a los alejados del Se\u00f1or, para que puedan degustar del sabroso banquete de Bodas del cordero y esta realidad se podr\u00e1 ver palpable en el deseo de ir a los alejados, como tambi\u00e9n de formar y de cuidar a los que se mantienen en la Iglesia como ovejas fieles o incluso de las que se sienten solas o indecisas, esto se ve palpable en el S.I.N.E \u201cSistema Integral de Nueva Evangelizaci\u00f3n\u201d que pretende atraer a los alejados y formar en cercan\u00eda e intimidad con el Padre a trav\u00e9s de  Jesucristo en el Esp\u00edritu santo.<\/p>\n","protected":false},"excerpt":{"rendered":"<p>\u201cProyecta hacia la misi\u00f3n de formar disc\u00edpulos y misioneros al servicio del mundo\u201d ( D.A No. 280). El candidato se prepara para llevar un mensaje que trasforme todas las realidades&hellip;<\/p>\n","protected":false},"author":1,"featured_media":0,"parent":71,"menu_order":0,"comment_status":"closed","ping_status":"closed","template":"","meta":{"footnotes":""},"class_list":["post-300","page","type-page","status-publish","hentry"],"_links":{"self":[{"href":"https:\/\/diocesiscartago.org\/index.php?rest_route=\/wp\/v2\/pages\/300","targetHints":{"allow":["GET"]}}],"collection":[{"href":"https:\/\/diocesiscartago.org\/index.php?rest_route=\/wp\/v2\/pages"}],"about":[{"href":"https:\/\/diocesiscartago.org\/index.php?rest_route=\/wp\/v2\/types\/page"}],"author":[{"embeddable":true,"href":"https:\/\/diocesiscartago.org\/index.php?rest_route=\/wp\/v2\/users\/1"}],"replies":[{"embeddable":true,"href":"https:\/\/diocesiscartago.org\/index.php?rest_route=%2Fwp%2Fv2%2Fcomments&post=300"}],"version-history":[{"count":1,"href":"https:\/\/diocesiscartago.org\/index.php?rest_route=\/wp\/v2\/pages\/300\/revisions"}],"predecessor-version":[{"id":301,"href":"https:\/\/diocesiscartago.org\/index.php?rest_route=\/wp\/v2\/pages\/300\/revisions\/301"}],"up":[{"embeddable":true,"href":"https:\/\/diocesiscartago.org\/index.php?rest_route=\/wp\/v2\/pages\/71"}],"wp:attachment":[{"href":"https:\/\/diocesiscartago.org\/index.php?rest_route=%2Fwp%2Fv2%2Fmedia&parent=300"}],"curies":[{"name":"wp","href":"https:\/\/api.w.org\/{rel}","templated":true}]}}