{"id":65,"date":"2023-06-09T20:05:02","date_gmt":"2023-06-09T20:05:02","guid":{"rendered":"https:\/\/diocesiscartago.org\/?page_id=65"},"modified":"2023-10-02T18:49:46","modified_gmt":"2023-10-02T18:49:46","slug":"obispos","status":"publish","type":"page","link":"https:\/\/diocesiscartago.org\/?page_id=65","title":{"rendered":"Obispos"},"content":{"rendered":"<div class=\"alert alert-warning\" role=\"alert\"><img  title=\"\" loading=\"lazy\" decoding=\"async\" class=\"alignright wp-image-542 size-medium\" src=\"https:\/\/diocesiscartago.org\/wp-content\/uploads\/2023\/10\/Monsenor_Jose_Gabriel_Calderon_cropped-241x300.jpg\"  alt=\"Monsenor_Jose_Gabriel_Calderon_cropped-241x300 Obispos\"  width=\"241\" height=\"300\" srcset=\"https:\/\/diocesiscartago.org\/wp-content\/uploads\/2023\/10\/Monsenor_Jose_Gabriel_Calderon_cropped-241x300.jpg 241w, https:\/\/diocesiscartago.org\/wp-content\/uploads\/2023\/10\/Monsenor_Jose_Gabriel_Calderon_cropped.jpg 660w\" sizes=\"auto, (max-width: 241px) 100vw, 241px\" \/>La Di\u00f3cesis de Cartago ha contado con cuatro obispos, nombrados por los Sumos Pont\u00edfices<\/div>\n<div role=\"alert\"><\/div>\n<div role=\"alert\"><span style=\"color: #800000;\"><strong>El Excelent\u00edsimo Monse\u00f1or Jos\u00e9 Gabriel Calder\u00f3n Contreras<\/strong><\/span>, desde la creaci\u00f3n, a\u00f1os 1962 hasta 1995, llamado por el hoy Santo Juan XXIII<\/div>\n<div role=\"alert\">\n<p>&nbsp;<\/p>\n<\/div>\n<div role=\"alert\">\n<p>Monse\u00f1or Jos\u00e9 Gabriel Calder\u00f3n Contreras, naci\u00f3 en la ciudad de Bogot\u00e1, Colombia el 15 de julio de 1919 en el seno de una de las familias m\u00e1s prestigiosas, acomodadas e influyentes de su \u00e9poca. El segundo de 3 hermanos, a muy corta edad conoci\u00f3 la desgracia y se vio obligado a asumir responsabilidades no propias de su edad y estatus, pues su madre muri\u00f3 cuando a\u00fan era un ni\u00f1o y luego su padre falleci\u00f3, cuando era adolescente. Su hermano mayor asumi\u00f3 las riendas de la familia en calidad de albacea.<\/p>\n<\/div>\n<div role=\"alert\">\n<p>&nbsp;<\/p>\n<\/div>\n<div role=\"alert\">\n<p>Desde muy joven sinti\u00f3 el llamado al sacerdocio y seg\u00fan su propio relato, su madre le confeccionaba indumentarias propias de los sacerdotes. A mediados de la d\u00e9cada del 30, fue enviado a Par\u00eds, donde realiz\u00f3 sus estudios en Teolog\u00eda en el Instituto Cat\u00f3lico de Saint Sulpice. All\u00ed sufri\u00f3 los rigores de la invasi\u00f3n alemana a Francia y para proteger su vida tuvo que viajar de regreso a Colombia.<\/p>\n<p>Fue ordenado sacerdote el 8 de noviembre de 1942. En diciembre de 1958 el papa Juan XXIII lo nombr\u00f3 obispo auxiliar de Bogot\u00e1, fue consagrado obispo el 6 de enero de 1959 de manos del Cardenal Paolo Giobbe (ex nuncio en Colombia) y asumi\u00f3 como obispo de la extinta Di\u00f3cesis de Victoriana. En abril de 1962 por orden del papa fue transferido como nuevo obispo ordinario a la di\u00f3cesis de Cartago (separada de la di\u00f3cesis de Cali), convirti\u00e9ndolo as\u00ed en su primer obispo. Fue obispo titular diocesano hasta abril de 1995, cuando present\u00f3 su renuncia al papa Juan Pablo II, debido a que alcanz\u00f3 la edad de jubilaci\u00f3n.<\/p>\n<\/div>\n<div role=\"alert\">\n<p>Desde entonces se dedic\u00f3 por completo a la academia, editando documentos de corte catequ\u00edstico y dando c\u00e1tedras en los Seminarios Menor y Mayor de Cartago. Su \u00faltima residencia fue el complejo conocido como San Gabriel, una casa campestre junto al Seminario Mayor y la Casa de Retiros diocesana.<\/p>\n<\/div>\n<div role=\"alert\">\n<p>&nbsp;<\/p>\n<\/div>\n<div role=\"alert\">\n<p>Obras<\/p>\n<\/div>\n<div role=\"alert\">\n<p>&nbsp;<\/p>\n<\/div>\n<div role=\"alert\">\n<p>Durante sus m\u00e1s de 30 a\u00f1os al frente de la di\u00f3cesis, Mons. Calderon enfrent\u00f3 grandes retos y busc\u00f3 siempre llevar progreso a su regi\u00f3n, la cual venia desangr\u00e1ndose en medio de conflictos surgidos durante los a\u00f1os 50 y parte de los 60. Para esto, enfoc\u00f3 sus esfuerzos en 2 grandes aspectos: La educaci\u00f3n y el desarrollo social sostenible, por lo cual se le considera el \u00abpadrino\u00bb del desarrollo de Cartago.<\/p>\n<p>Entre sus obras m\u00e1s destacadas se encuentran:<\/p>\n<\/div>\n<div role=\"alert\">\n<p>&nbsp;<\/p>\n<\/div>\n<div role=\"alert\">\n<p>Obras Educativas<\/p>\n<\/div>\n<div role=\"alert\">\n<p>&nbsp;<\/p>\n<\/div>\n<div role=\"alert\">\n<p>Colegio La catedral (Fusionado con el Seminario Menor y posteriormente cerrado por motivos econ\u00f3micos en 2009)<br \/>\nSeminario Menor de Nuestra Se\u00f1ora de la Anunciaci\u00f3n (Fusionado con el Colegio Paulo VI, bajo el nombre de este \u00faltimo)<br \/>\nSeminario Mayor de Nuestra Se\u00f1ora de la Anunciaci\u00f3n (enlace roto disponible en Internet Archive; v\u00e9ase el historial, la primera versi\u00f3n y la \u00faltima).<br \/>\nNormal Diocesana Santa Maria<br \/>\nColegio Paulo VI<br \/>\nJuan XXIII<\/p>\n<\/div>\n<div role=\"alert\">\n<p>&nbsp;<\/p>\n<\/div>\n<div role=\"alert\">\n<p>Obras Sociales<\/p>\n<\/div>\n<div role=\"alert\">\n<p>&nbsp;<\/p>\n<\/div>\n<div role=\"alert\">\n<p>Corporaci\u00f3n Diocesana Pro-Comunidad cristiana a trav\u00e9s de la cual se canalizan los recursos provenientes de ayudas nacionales y extranjeras para apoyo en la construcci\u00f3n de vivienda para gentes de escasos recursos econ\u00f3micos, comedores comunitarios, apoyo a orfanatos y asilos de ancianos y otros servicios de car\u00e1cter social.<br \/>\nAsilo para sacerdotes cat\u00f3licos ancianos.<br \/>\nCasa de Retiro Diocesana.<br \/>\nImprenta diocesana Santa Helena. (Clausurada en 2007)<br \/>\nVarios conventos.<br \/>\nCentro Catequ\u00edstico. (Clausurada en 2007)<br \/>\nM\u00e1s de 10 barrios.<\/p>\n<p>Una de las obras menos palpables de Mons. Calder\u00f3n fue sin duda, la conservaci\u00f3n de la hacienda \u00abGavilanes\u00bb, como un pulm\u00f3n verde para la ciudad de Cartago. En esta propiedad se desarrollaron a lo largo de los a\u00f1os varios proyectos, entre los que de destacan, la Normal Superior Santa Maria, los Seminarios, un convento, el barrio Santa Maria, las Iglesias de Santa Maria y la Medalla Milagrosa, el complejo San Gabriel, la Casa de Retiro Diocesana, entre otros.<\/p>\n<\/div>\n<div role=\"alert\">\n<p>&nbsp;<\/p>\n<\/div>\n<div role=\"alert\">\n<p><span style=\"color: #000080;\"><strong>Excelent\u00edsimo Monse\u00f1or Luis Madrid Merlano<\/strong><\/span><\/p>\n<p><img  title=\"\" loading=\"lazy\" decoding=\"async\" class=\"size-medium wp-image-557 alignright\" src=\"https:\/\/diocesiscartago.org\/wp-content\/uploads\/2023\/10\/luismadridmerlano_0.jpg-300x300.jpg\"  alt=\"luismadridmerlano_0.jpg-300x300 Obispos\"  width=\"300\" height=\"300\" srcset=\"https:\/\/diocesiscartago.org\/wp-content\/uploads\/2023\/10\/luismadridmerlano_0.jpg-300x300.jpg 300w, https:\/\/diocesiscartago.org\/wp-content\/uploads\/2023\/10\/luismadridmerlano_0.jpg-1024x1024.jpg 1024w, https:\/\/diocesiscartago.org\/wp-content\/uploads\/2023\/10\/luismadridmerlano_0.jpg-150x150.jpg 150w, https:\/\/diocesiscartago.org\/wp-content\/uploads\/2023\/10\/luismadridmerlano_0.jpg-768x768.jpg 768w, https:\/\/diocesiscartago.org\/wp-content\/uploads\/2023\/10\/luismadridmerlano_0.jpg.jpg 1200w\" sizes=\"auto, (max-width: 300px) 100vw, 300px\" \/><\/p>\n<\/div>\n<div class=\"my-6\">\n<div class=\"font-normal text-[#1d1d1d] text-[14px]\">Nacimiento: 1946-10-27<\/div>\n<div class=\"font-normal text-[#1d1d1d] text-[14px]\">Ordenaci\u00f3n Sacerdotal: 1971-06-29<\/div>\n<div class=\"font-normal text-[#1d1d1d] text-[14px]\">Obispo: 1988-07-03<\/div>\n<div class=\"font-normal text-[#1d1d1d] text-[14px]\">Arzobispo: 2010-05-10<\/div>\n<div class=\"font-normal text-[#1d1d1d] text-[14px]\">Emerito: 2018-06-06<\/div>\n<\/div>\n<div>\n<h4 class=\"font-bold text-[18px] my-3 text-[#231F20]\">Biograf\u00eda:<\/h4>\n<div class=\"font-normal text-[#1d1d1d] text-[14px]\">\n<p>Monse\u00f1or Luis Madrid Merlano naci\u00f3 en Cartagena el 27 de Octubre de 1946.<\/p>\n<p>&nbsp;<\/p>\n<p>Realiz\u00f3 sus estudios de bachillerato en el Colegio de los Hermanos Maristas en Bogot\u00e1 y luego los estudios de Filosof\u00eda y Teolog\u00eda en el Seminario de Cristo Sacerdote de La Ceja (Antioquia) y en el Seminario Intermisional de Bogot\u00e1.<\/p>\n<p>&nbsp;<\/p>\n<p>Fue ordenado sacerdote el 29 de Junio de 1971, y ha ocupado los siguientes cargos: Canciller y Rector del Seminario Mayor San P\u00edo X de Istmina (Choc\u00f3); Rector del Seminario Mayor San P\u00edo X de Medell\u00edn y P\u00e1rroco de Santa Margarita en la misma ciudad; Vicario General de Istmina; Director de Pastoral Social y Ec\u00f3nomo del Vicariato Apost\u00f3lico de Istmina.<\/p>\n<p>&nbsp;<\/p>\n<p>El 24 de Mayo de 1988 Su Santidad Juan Pablo II lo nombr\u00f3 Obispo Prelado de la Prelatura de Tib\u00fa, recibi\u00f3 su ordenaci\u00f3n episcopal el 3 de julio de 1988.<\/p>\n<p>&nbsp;<\/p>\n<p>El 18 de Abril de 1995 Su Santidad Juan Pablo II lo nombr\u00f3 Obispo de Cartago.<\/p>\n<p>&nbsp;<\/p>\n<p>El 30 de Marzo del 2010 el Papa Benedicto XVI lo nombr\u00f3 Arzobispo de Nueva Pamplona.<\/p>\n<p>&nbsp;<\/p>\n<p>El 6 de junio de 2018, Su Santidad el Papa Francisco, acept\u00f3 su renuncia al gobierno pastoral de Nueva Pamplona, por motivos de salud.<\/p>\n<\/div>\n<\/div>\n<div role=\"alert\">\n<p>En la actualidad, el se\u00f1or Obispo vive en Cartago en la Casita de los Pobres, una obra hecha por \u00e9l.<\/p>\n<\/div>\n<p>&nbsp;<\/p>\n<div role=\"alert\">\n<p>&nbsp;<\/p>\n<\/div>\n<div role=\"alert\">\n<p><strong><span style=\"color: #ff6600;\">Excelent\u00edsimo Monse\u00f1or Jos\u00e9 Alejandro Casta\u00f1o Arbel\u00e1ez<\/span><\/strong><\/p>\n<p><img  title=\"\" loading=\"lazy\" decoding=\"async\" class=\"size-medium wp-image-561 alignright\" src=\"https:\/\/diocesiscartago.org\/wp-content\/uploads\/2023\/10\/27993434_951573215017704_4446183077420774630_o-219x300.jpg\"  alt=\"27993434_951573215017704_4446183077420774630_o-219x300 Obispos\"  width=\"219\" height=\"300\" srcset=\"https:\/\/diocesiscartago.org\/wp-content\/uploads\/2023\/10\/27993434_951573215017704_4446183077420774630_o-219x300.jpg 219w, https:\/\/diocesiscartago.org\/wp-content\/uploads\/2023\/10\/27993434_951573215017704_4446183077420774630_o-748x1024.jpg 748w, https:\/\/diocesiscartago.org\/wp-content\/uploads\/2023\/10\/27993434_951573215017704_4446183077420774630_o-768x1051.jpg 768w, https:\/\/diocesiscartago.org\/wp-content\/uploads\/2023\/10\/27993434_951573215017704_4446183077420774630_o-1123x1536.jpg 1123w, https:\/\/diocesiscartago.org\/wp-content\/uploads\/2023\/10\/27993434_951573215017704_4446183077420774630_o.jpg 1323w\" sizes=\"auto, (max-width: 219px) 100vw, 219px\" \/><\/p>\n<div class=\"my-6\">\n<h4 class=\"font-bold text-[18px] my-3 text-[#231F20]\">Datos generales<\/h4>\n<div class=\"font-normal text-[#1d1d1d] text-[14px]\">Nacimiento: 1945-04-01<\/div>\n<div class=\"font-normal text-[#1d1d1d] text-[14px]\">Ordenaci\u00f3n Sacerdotal: 1971-12-08<\/div>\n<div class=\"font-normal text-[#1d1d1d] text-[14px]\">Obispo: 2007-01-27<\/div>\n<div class=\"font-normal text-[#1d1d1d] text-[14px]\">Arzobispo: 2020-10-31<\/div>\n<div class=\"font-normal text-[#1d1d1d] text-[14px]\">Emerito: 2020-10-31<\/div>\n<\/div>\n<div>\n<h4 class=\"font-bold text-[18px] my-3 text-[#231F20]\">Biograf\u00eda:<\/h4>\n<div class=\"font-normal text-[#1d1d1d] text-[14px]\">\n<p>&nbsp;<\/p>\n<p>Monse\u00f1or Jos\u00e9 Alejandro Casta\u00f1o Arbel\u00e1ez naci\u00f3 en La Ceja (Antioquia)- hoy Jurisdicci\u00f3n de la Iglesia particular de Sons\u00f3n Rionegro-, el 1\u00ba de Abril de 1945.<\/p>\n<p>&nbsp;<\/p>\n<p>Curs\u00f3 los estudios primarios en Medell\u00edn. Inici\u00f3 el Bachillerato en el Liceo de la Universidad de Antioquia y, habi\u00e9ndose vinculado a la Orden de Agustinos Recoletos, lo prosigui\u00f3 en el Colegio Apost\u00f3lico La Linda de Manizales y lo concluy\u00f3 en el Convento del Desierto de la Candelaria.<\/p>\n<p>&nbsp;<\/p>\n<p>Hizo el ciclo filos\u00f3fico en el Convento de Suba (Bogot\u00e1) y el teol\u00f3gico en la Pontificia Universidad Javeriana; instituci\u00f3n esta \u00faltima donde obtuvo la licenciatura en teolog\u00eda en el a\u00f1o 1971. Despu\u00e9s de su ordenaci\u00f3n, en el a\u00f1o 1976, concluy\u00f3 los estudios de especializaci\u00f3n en Teolog\u00eda de la Vida Religiosa y en Teolog\u00eda B\u00edblica en Madrid.<\/p>\n<p>&nbsp;<\/p>\n<p>En la Orden de Agustinos Recoletos, tom\u00f3 el h\u00e1bito el 29 de Diciembre de 1962, en el Convento del Desierto de la Candelaria. Emiti\u00f3 la profesi\u00f3n solemne el 28 de Enero de 1967, en el Convento de Suba y recibi\u00f3 el Orden del Presbiterado el 8 de Diciembre de 1971 de manos del entonces Obispo de Zipaquir\u00e1, Monse\u00f1or Rub\u00e9n Buitrago Trujillo, o.a.r.<\/p>\n<p>&nbsp;<\/p>\n<p>Los destinos y encargos que ha recibido desde este momento hasta ahora son los siguientes:<\/p>\n<ul>\n<li>1972 \u2013 1974: Prefecto del Seminario Menor La Linda de los Padres Agustinos en Manizales.<br \/>\n&#8211; 1974 \u2013 1976: Estudiante en Espa\u00f1a. Formaba parte de la comunidad de la Casa Augustinus de Madrid.<br \/>\n&#8211; 1976: Superior en el Seminario Mayor La Linda de Manizales.<br \/>\n&#8211; 1977 \u2013 1980: Maestro de Novicios en el Convento del Desierto de la Candelaria y Cuarto Consejero Provincial de la Orden.<br \/>\n&#8211; 1980 \u2013 1981: Consejero General en Roma.<br \/>\n&#8211; 1982 \u2013 1985: Cuarto Consejero y Secretario Provincial en Bogot\u00e1.<br \/>\n&#8211; 1986 \u2013 1989: Rector y Formador del Seminario La Linda en Manizales.<br \/>\n&#8211; 1989 \u2013 1992: Prior Provincial de Nuestra Se\u00f1ora de La Candelaria.<br \/>\n&#8211; 1993: Presidente del Secretariado de Espiritualidad de la Provincia.<br \/>\n&#8211; 1993 \u2013 1997: Superior de las Misiones y P\u00e1rroco de San Jos\u00e9 en Yopal (Casanare).<br \/>\n&#8211; 1997 \u2013 2001: Vice \u2013 Maestro de Postulantes del Seminario La Linda.<br \/>\n&#8211; 2001 \u2013 2006: P\u00e1rroco del Sagrado Coraz\u00f3n en Manizales.<br \/>\n&#8211; 2006: Rector del Seminario Mayor San Agust\u00edn \u2013 La Linda (Manizales).<\/li>\n<li><\/li>\n<\/ul>\n<p>Ha sido miembro de la Academia Colombiana de Historia Eclesi\u00e1stica y desde noviembre de 2004, asumi\u00f3 la Presidencia de este organismo.<\/p>\n<p>&nbsp;<\/p>\n<p>El 13 de Noviembre de 2006 Su Santidad Benedicto XVI, lo nombr\u00f3 Obispo Titular de Castello di Tatroporto y Obispo Auxiliar de la Arquidi\u00f3cesis de Cali.<\/p>\n<p>&nbsp;<\/p>\n<p>El 21 de Octubre de 2010 Su Santidad Benedicto XVI, lo nombr\u00f3 Obispo de Cartago y tom\u00f3 posesi\u00f3n de la sede el 27 de Noviembre de 2010.<\/p>\n<p>El 31 de octubre de 2020 el Papa Francisco acept\u00f3 la renuncia a su cargo pastoral.<\/p>\n<\/div>\n<\/div>\n<p>&nbsp;<\/p>\n<\/div>\n","protected":false},"excerpt":{"rendered":"<p>La Di\u00f3cesis de Cartago ha contado con cuatro obispos, nombrados por los Sumos Pont\u00edfices El Excelent\u00edsimo Monse\u00f1or Jos\u00e9 Gabriel Calder\u00f3n Contreras, desde la creaci\u00f3n, a\u00f1os 1962 hasta 1995, llamado por&hellip;<\/p>\n","protected":false},"author":1,"featured_media":0,"parent":11,"menu_order":0,"comment_status":"closed","ping_status":"closed","template":"","meta":{"footnotes":""},"class_list":["post-65","page","type-page","status-publish","hentry"],"_links":{"self":[{"href":"https:\/\/diocesiscartago.org\/index.php?rest_route=\/wp\/v2\/pages\/65","targetHints":{"allow":["GET"]}}],"collection":[{"href":"https:\/\/diocesiscartago.org\/index.php?rest_route=\/wp\/v2\/pages"}],"about":[{"href":"https:\/\/diocesiscartago.org\/index.php?rest_route=\/wp\/v2\/types\/page"}],"author":[{"embeddable":true,"href":"https:\/\/diocesiscartago.org\/index.php?rest_route=\/wp\/v2\/users\/1"}],"replies":[{"embeddable":true,"href":"https:\/\/diocesiscartago.org\/index.php?rest_route=%2Fwp%2Fv2%2Fcomments&post=65"}],"version-history":[{"count":24,"href":"https:\/\/diocesiscartago.org\/index.php?rest_route=\/wp\/v2\/pages\/65\/revisions"}],"predecessor-version":[{"id":564,"href":"https:\/\/diocesiscartago.org\/index.php?rest_route=\/wp\/v2\/pages\/65\/revisions\/564"}],"up":[{"embeddable":true,"href":"https:\/\/diocesiscartago.org\/index.php?rest_route=\/wp\/v2\/pages\/11"}],"wp:attachment":[{"href":"https:\/\/diocesiscartago.org\/index.php?rest_route=%2Fwp%2Fv2%2Fmedia&parent=65"}],"curies":[{"name":"wp","href":"https:\/\/api.w.org\/{rel}","templated":true}]}}