{"id":67,"date":"2023-06-09T20:05:22","date_gmt":"2023-06-09T20:05:22","guid":{"rendered":"https:\/\/diocesiscartago.org\/?page_id=67"},"modified":"2026-03-18T15:50:57","modified_gmt":"2026-03-18T15:50:57","slug":"curia-diocesana","status":"publish","type":"page","link":"https:\/\/diocesiscartago.org\/?page_id=67","title":{"rendered":"Curia Diocesana"},"content":{"rendered":"<p><span style=\"font-size: 18pt;\"><b>Direcci\u00f3n:<\/b> Carrera 5 # 13 -87<\/span><\/p>\n<div class=\"table-responsive\">\n<table class=\"table-bordered mb-3 mt-3\" style=\"width: 100%; height: 584px;\">\n<thead>\n<tr style=\"height: 24px;\">\n<th style=\"width: 36.4848%; height: 24px;\">Oficina<\/th>\n<th style=\"width: 17.9461%; height: 24px;\">Celular<\/th>\n<th style=\"width: 44.3569%; height: 24px;\">Correo Electr\u00f3nico<\/th>\n<\/tr>\n<\/thead>\n<tbody>\n<tr style=\"height: 96px;\">\n<td style=\"width: 36.4848%; height: 96px;\"><strong>Recepci\u00f3n<\/strong><\/td>\n<td style=\"width: 17.9461%; height: 96px;\">316 018 0653<\/p>\n<p>602 214 3414<\/td>\n<td style=\"width: 44.3569%; height: 96px;\"><\/td>\n<\/tr>\n<tr style=\"height: 24px;\">\n<td style=\"width: 36.4848%; height: 24px;\"><strong>Se\u00f1or Obispo<\/strong><\/td>\n<td style=\"width: 17.9461%; height: 24px;\">Ext. 108<\/td>\n<td style=\"width: 44.3569%; height: 24px;\">obispo@diocesiscartago.org<\/td>\n<\/tr>\n<tr style=\"height: 24px;\">\n<td style=\"width: 36.4848%; height: 24px;\"><strong>Vicar\u00eda General<\/strong><\/td>\n<td style=\"width: 17.9461%; height: 24px;\">Ext. 121<\/td>\n<td style=\"width: 44.3569%; height: 24px;\">vicariageneral@diocesiscartago.org<\/td>\n<\/tr>\n<tr style=\"height: 24px;\">\n<td style=\"width: 36.4848%; height: 24px;\"><strong>Canciller\u00eda<\/strong><\/td>\n<td style=\"width: 17.9461%; height: 24px;\"><\/td>\n<td style=\"width: 44.3569%; height: 24px;\">cancilleria@diocesiscartago.org<\/td>\n<\/tr>\n<tr style=\"height: 24px;\">\n<td style=\"width: 36.4848%; height: 24px;\"><strong>Tesorer\u00eda<\/strong><\/td>\n<td style=\"width: 17.9461%; height: 24px;\">3155997428<\/td>\n<td style=\"width: 44.3569%; height: 24px;\">tesoreria@diocesiscartago.org<\/td>\n<\/tr>\n<tr style=\"height: 24px;\">\n<td style=\"width: 36.4848%; height: 24px;\"><strong>Asistente contable 1<\/strong><\/td>\n<td style=\"width: 17.9461%; height: 24px;\"><\/td>\n<td style=\"width: 44.3569%; height: 24px;\">asistentecontable1@diocesiscartago.org<\/td>\n<\/tr>\n<tr style=\"height: 24px;\">\n<td style=\"width: 36.4848%; height: 24px;\"><strong>Asistente contable 2<\/strong><\/td>\n<td style=\"width: 17.9461%; height: 24px;\"><\/td>\n<td style=\"width: 44.3569%; height: 24px;\">asistentecontable2@diocesiscartago.org<\/td>\n<\/tr>\n<tr style=\"height: 24px;\">\n<td style=\"width: 36.4848%; height: 24px;\"><strong>Asistente contable 3<\/strong><\/td>\n<td style=\"width: 17.9461%; height: 24px;\"><\/td>\n<td style=\"width: 44.3569%; height: 24px;\">asistentecontable3@diocesiscartago.org<\/td>\n<\/tr>\n<tr style=\"height: 24px;\">\n<td style=\"width: 36.4848%; height: 24px;\"><strong>Vicario Judicial<\/strong><\/td>\n<td style=\"width: 17.9461%; height: 24px;\">Ext. 103<\/td>\n<td style=\"width: 44.3569%; height: 24px;\">vicariojudicial@diocesiscartago.org<\/td>\n<\/tr>\n<tr style=\"height: 24px;\">\n<td style=\"width: 36.4848%; height: 24px;\"><strong>Delegaci\u00f3n de Partidas<\/strong><\/td>\n<td style=\"width: 17.9461%; height: 24px;\">3160180653<\/td>\n<td style=\"width: 44.3569%; height: 24px;\">delegaciondepartidas@diocesiscartago.org<\/td>\n<\/tr>\n<tr style=\"height: 24px;\">\n<td style=\"width: 36.4848%; height: 24px;\"><strong>Contabilidad<\/strong><\/td>\n<td style=\"width: 17.9461%; height: 24px;\">3155633261<\/td>\n<td style=\"width: 44.3569%; height: 24px;\">contador@diocesiscartago.org<\/td>\n<\/tr>\n<tr style=\"height: 24px;\">\n<td style=\"width: 36.4848%; height: 24px;\"><strong>Notar\u00eda Tribunal<\/strong><\/td>\n<td style=\"width: 17.9461%; height: 24px;\">3157582615<\/td>\n<td style=\"width: 44.3569%; height: 24px;\">notariatribunal@diocesiscartago.org<\/td>\n<\/tr>\n<tr style=\"height: 56px;\">\n<td style=\"width: 36.4848%; height: 56px;\"><strong>Pastoral Social<\/strong><\/td>\n<td style=\"width: 17.9461%; height: 56px;\">3160254515<\/td>\n<td style=\"width: 44.3569%; height: 56px;\">asistentepastoralsocial@diocesiscartago.org<\/td>\n<\/tr>\n<tr>\n<td style=\"width: 36.4848%;\"><strong>Asistente Pastoral Social<\/strong><\/td>\n<td style=\"width: 17.9461%;\"><\/td>\n<td style=\"width: 44.3569%;\">asistentepastoralsocial@diocesiscartago.org<\/td>\n<\/tr>\n<tr style=\"height: 48px;\">\n<td style=\"width: 36.4848%; height: 48px;\"><strong>Sistema De Gestion De La Seguridad Y Salud En El Trabajo<\/strong><\/td>\n<td style=\"width: 17.9461%; height: 48px;\">No tiene<\/td>\n<td style=\"width: 44.3569%; height: 48px;\"><\/td>\n<\/tr>\n<tr style=\"height: 24px;\">\n<td style=\"width: 36.4848%; height: 24px;\"><strong>Oficina del cuidado<\/strong><\/td>\n<td style=\"width: 17.9461%; height: 24px;\">Ext. 103<\/td>\n<td style=\"width: 44.3569%; height: 24px;\">cuidadoyproteccion@diocesiscartago.org<\/td>\n<\/tr>\n<tr style=\"height: 24px;\">\n<td style=\"width: 36.4848%; height: 24px;\"><strong>Vicario Ec\u00f3nomo<\/strong><\/td>\n<td style=\"width: 17.9461%; height: 24px;\">Ext. 106<\/td>\n<td style=\"width: 44.3569%; height: 24px;\">economo@diocesiscartago.org<\/td>\n<\/tr>\n<tr style=\"height: 24px;\">\n<td style=\"width: 36.4848%; height: 24px;\"><strong>Comunicaciones<\/strong><\/td>\n<td style=\"width: 17.9461%; height: 24px;\">317 067 6463<\/td>\n<td style=\"width: 44.3569%; height: 24px;\">comunicaciones@diocesiscartago.org<\/td>\n<\/tr>\n<tr style=\"height: 24px;\">\n<td style=\"width: 36.4848%; height: 24px;\"><strong>Asesora Externa<\/strong><\/td>\n<td style=\"width: 17.9461%; height: 24px;\"><\/td>\n<td style=\"width: 44.3569%; height: 24px;\">asesoriaexterna@diocesiscartago.org<\/td>\n<\/tr>\n<tr>\n<td style=\"width: 36.4848%;\"><strong>Recursos humanos<\/strong><\/td>\n<td style=\"width: 17.9461%;\"><\/td>\n<td style=\"width: 44.3569%;\">talentohumano@diocesiscartago.org<\/td>\n<\/tr>\n<tr>\n<td style=\"width: 36.4848%;\"><strong>SG-SST<\/strong><\/td>\n<td style=\"width: 17.9461%;\"><\/td>\n<td style=\"width: 44.3569%;\">profesioalsgss@diocesiscartago.org<\/td>\n<\/tr>\n<tr>\n<td style=\"width: 36.4848%;\"><strong>Asistente SG-SST<\/strong><\/td>\n<td style=\"width: 17.9461%;\"><\/td>\n<td style=\"width: 44.3569%;\">asistentesgsst@diocesiscartago.org<\/td>\n<\/tr>\n<\/tbody>\n<\/table>\n<p>&nbsp;<\/p>\n<\/div>\n<h3>Extensiones Curia:<\/h3>\n<div class=\"table-responsive\">\n<table class=\"table-bordered\" style=\"width: 60.4671%; height: 360px;\">\n<thead>\n<tr style=\"height: 24px;\">\n<th style=\"height: 24px; width: 21.5998%;\">Extensi\u00f3n<\/th>\n<th style=\"height: 24px; width: 83.5395%;\">Curia<\/th>\n<\/tr>\n<\/thead>\n<tbody>\n<tr style=\"height: 24px;\">\n<td style=\"height: 24px; width: 21.5998%;\">121<\/td>\n<td style=\"height: 24px; width: 83.5395%;\"><strong>Vicario General<\/strong> &#8211; Pbro. Carlos Alberto Silva<\/td>\n<\/tr>\n<tr style=\"height: 24px;\">\n<td style=\"height: 24px; width: 21.5998%;\">106<\/td>\n<td style=\"height: 24px; width: 83.5395%;\"><strong>Ec\u00f3nomo<\/strong> \u2013 Pbro. Jairo de Jes\u00fas Ospina<\/td>\n<\/tr>\n<tr style=\"height: 48px;\">\n<td style=\"height: 48px; width: 21.5998%;\">109<\/td>\n<td style=\"height: 48px; width: 83.5395%;\"><strong>Despacho Iglesia Catedral<\/strong>\u00a0&#8211; Pbro.\u00a0 Carlos Juli\u00e1n Montoya<\/td>\n<\/tr>\n<tr style=\"height: 24px;\">\n<td style=\"height: 24px; width: 21.5998%;\">111<\/td>\n<td style=\"height: 24px; width: 83.5395%;\"><strong>Tesorer\u00eda<\/strong> \u2013 Luis Carlos Gall\u00f3n<\/td>\n<\/tr>\n<tr style=\"height: 24px;\">\n<td style=\"height: 24px; width: 21.5998%;\">113<\/td>\n<td style=\"height: 24px; width: 83.5395%;\"><strong>Catedral Sacrist\u00eda<\/strong> &#8211; Luz Mila Quintero<\/td>\n<\/tr>\n<tr style=\"height: 24px;\">\n<td style=\"height: 24px; width: 21.5998%;\">103<\/td>\n<td style=\"height: 24px; width: 83.5395%;\"><strong>Tribunal<\/strong> \u2013 Pbro. Rogelio Jim\u00e9nez<\/td>\n<\/tr>\n<tr style=\"height: 24px;\">\n<td style=\"height: 24px; width: 21.5998%;\">118<\/td>\n<td style=\"height: 24px; width: 83.5395%;\"><strong>Tribunal<\/strong> \u2013 Meryelen Londo\u00f1o<\/td>\n<\/tr>\n<tr style=\"height: 24px;\">\n<td style=\"height: 24px; width: 21.5998%;\">117<\/td>\n<td style=\"height: 24px; width: 83.5395%;\"><strong>Contabilidad<\/strong> \u2013 Lina Mar\u00eda<\/td>\n<\/tr>\n<tr style=\"height: 24px;\">\n<td style=\"height: 24px; width: 21.5998%;\">110<\/td>\n<td style=\"height: 24px; width: 83.5395%;\"><strong>Canciller\u00eda<\/strong> \u2013 Pbro. Carlos Andr\u00e9s Escarria<\/td>\n<\/tr>\n<tr style=\"height: 24px;\">\n<td style=\"height: 24px; width: 21.5998%;\">0<\/td>\n<td style=\"height: 24px; width: 83.5395%;\"><strong>Recepci\u00f3n<\/strong> \u2013 Karol Tatiana Toro<\/td>\n<\/tr>\n<\/tbody>\n<\/table>\n<\/div>\n","protected":false},"excerpt":{"rendered":"<p>Direcci\u00f3n: Carrera 5 # 13 -87 Oficina Celular Correo Electr\u00f3nico Recepci\u00f3n 316 018 0653 602 214 3414 Se\u00f1or Obispo Ext. 108 obispo@diocesiscartago.org Vicar\u00eda General Ext. 121 vicariageneral@diocesiscartago.org Canciller\u00eda cancilleria@diocesiscartago.org Tesorer\u00eda&hellip;<\/p>\n","protected":false},"author":1,"featured_media":0,"parent":11,"menu_order":0,"comment_status":"closed","ping_status":"closed","template":"","meta":{"footnotes":""},"class_list":["post-67","page","type-page","status-publish","hentry"],"_links":{"self":[{"href":"https:\/\/diocesiscartago.org\/index.php?rest_route=\/wp\/v2\/pages\/67","targetHints":{"allow":["GET"]}}],"collection":[{"href":"https:\/\/diocesiscartago.org\/index.php?rest_route=\/wp\/v2\/pages"}],"about":[{"href":"https:\/\/diocesiscartago.org\/index.php?rest_route=\/wp\/v2\/types\/page"}],"author":[{"embeddable":true,"href":"https:\/\/diocesiscartago.org\/index.php?rest_route=\/wp\/v2\/users\/1"}],"replies":[{"embeddable":true,"href":"https:\/\/diocesiscartago.org\/index.php?rest_route=%2Fwp%2Fv2%2Fcomments&post=67"}],"version-history":[{"count":22,"href":"https:\/\/diocesiscartago.org\/index.php?rest_route=\/wp\/v2\/pages\/67\/revisions"}],"predecessor-version":[{"id":1517,"href":"https:\/\/diocesiscartago.org\/index.php?rest_route=\/wp\/v2\/pages\/67\/revisions\/1517"}],"up":[{"embeddable":true,"href":"https:\/\/diocesiscartago.org\/index.php?rest_route=\/wp\/v2\/pages\/11"}],"wp:attachment":[{"href":"https:\/\/diocesiscartago.org\/index.php?rest_route=%2Fwp%2Fv2%2Fmedia&parent=67"}],"curies":[{"name":"wp","href":"https:\/\/api.w.org\/{rel}","templated":true}]}}