{"id":71,"date":"2023-06-09T20:09:28","date_gmt":"2023-06-09T20:09:28","guid":{"rendered":"https:\/\/diocesiscartago.org\/?page_id=71"},"modified":"2023-10-02T17:54:56","modified_gmt":"2023-10-02T17:54:56","slug":"seminario-mayor-diocesano","status":"publish","type":"page","link":"https:\/\/diocesiscartago.org\/?page_id=71","title":{"rendered":"Seminario Mayor Diocesano"},"content":{"rendered":"<p><img  title=\"\" decoding=\"async\" class=\"rounded img-fluid w-100 mb-3\" src=\"\/wp-content\/uploads\/2023\/06\/seminario-mayor.jpg\"  alt=\"seminario-mayor Seminario Mayor Diocesano\"  \/><\/p>\n<h3><strong><em>El seminario Mayor busca educar los futuros Pastores de la Iglesia procurando para todos una formaci\u00f3n integral.<\/em><\/strong><\/h3>\n<p>Para hacer verdaderamente la voluntad del Se\u00f1or en la vida del creyente y de manera especial al que aspira y se prepara para el Sacerdocio, es necesario tener en cuenta unas disposiciones que abarcan de manera integral la vida del candidato, estas lo preparar\u00e1n de manera que sea capaz de responder a la llamada del Se\u00f1or en este siglo XXI; este proceso tendr\u00e1 una serie de elementos que poco a poco ir\u00e1n formando un disc\u00edpulo y misionero de Jesucristo, pues este proceso \u201ces progresivo, arm\u00f3nico, din\u00e1mico, integral y permanente que lo conducir\u00e1n hacia la madurez humana, cristiana y vocacional\u201d.<\/p>\n<p>Para conocer m\u00e1s de nuestro Seminario Mayor, vis\u00edtenos en Facebook\u00a0<a href=\"https:\/\/web.facebook.com\/seminariomayordecartago\">Seminario Mayor Diocesano Nuestra Se\u00f1ora de la Anunciaci\u00f3n<\/a><\/p>\n","protected":false},"excerpt":{"rendered":"<p>El seminario Mayor busca educar los futuros Pastores de la Iglesia procurando para todos una formaci\u00f3n integral. Para hacer verdaderamente la voluntad del Se\u00f1or en la vida del creyente y&hellip;<\/p>\n","protected":false},"author":1,"featured_media":0,"parent":11,"menu_order":0,"comment_status":"closed","ping_status":"closed","template":"","meta":{"footnotes":""},"class_list":["post-71","page","type-page","status-publish","hentry"],"_links":{"self":[{"href":"https:\/\/diocesiscartago.org\/index.php?rest_route=\/wp\/v2\/pages\/71","targetHints":{"allow":["GET"]}}],"collection":[{"href":"https:\/\/diocesiscartago.org\/index.php?rest_route=\/wp\/v2\/pages"}],"about":[{"href":"https:\/\/diocesiscartago.org\/index.php?rest_route=\/wp\/v2\/types\/page"}],"author":[{"embeddable":true,"href":"https:\/\/diocesiscartago.org\/index.php?rest_route=\/wp\/v2\/users\/1"}],"replies":[{"embeddable":true,"href":"https:\/\/diocesiscartago.org\/index.php?rest_route=%2Fwp%2Fv2%2Fcomments&post=71"}],"version-history":[{"count":10,"href":"https:\/\/diocesiscartago.org\/index.php?rest_route=\/wp\/v2\/pages\/71\/revisions"}],"predecessor-version":[{"id":540,"href":"https:\/\/diocesiscartago.org\/index.php?rest_route=\/wp\/v2\/pages\/71\/revisions\/540"}],"up":[{"embeddable":true,"href":"https:\/\/diocesiscartago.org\/index.php?rest_route=\/wp\/v2\/pages\/11"}],"wp:attachment":[{"href":"https:\/\/diocesiscartago.org\/index.php?rest_route=%2Fwp%2Fv2%2Fmedia&parent=71"}],"curies":[{"name":"wp","href":"https:\/\/api.w.org\/{rel}","templated":true}]}}